{"id":12357,"date":"2025-06-20T08:51:05","date_gmt":"2025-06-20T06:51:05","guid":{"rendered":"https:\/\/www.varioussports.com\/?product=delicioso-hermoso-fantastico-lebron-james-los-angeles-lakers-nike-swingman-player-jersey-gold-icon-edition-para-la-gran-final"},"modified":"2025-06-20T08:53:22","modified_gmt":"2025-06-20T06:53:22","slug":"delicioso-hermoso-fantastico-lebron-james-los-angeles-lakers-nike-swingman-player-jersey-gold-icon-edition-para-la-gran-final","status":"publish","type":"product","link":"https:\/\/www.varioussports.com\/?product=delicioso-hermoso-fantastico-lebron-james-los-angeles-lakers-nike-swingman-player-jersey-gold-icon-edition-para-la-gran-final","title":{"rendered":"Delicioso Hermoso Fant\u00e1stico LeBron James Los Angeles Lakers Nike Swingman Player Jersey Gold Icon Edition  para la gran final"},"content":{"rendered":"<p>Estupendo Maravilloso Cl\u00e1sico LeBron James Los Angeles Lakers Nike Swingman Player Jersey Gold Icon Edition<\/p>\n<p>Obt\u00e9n la camiseta de alta calidad para tus momentos deportivos. Estupendo Maravilloso Cl\u00e1sico LeBron James Los Angeles Lakers Nike Swingman Player Jersey Gold Icon Edition. \u00a1No te la pierdas!<\/p>\n","protected":false},"excerpt":{"rendered":"<p>Estupendo Maravilloso Cl\u00e1sico LeBron James Los Angeles Lakers Nike Swingman Player Jersey Gold Icon Edition Obt\u00e9n la camiseta de alta calidad para tus momentos deportivos. Estupendo Maravilloso Cl\u00e1sico LeBron James Los Angeles Lakers Nike Swingman Player Jersey Gold Icon Edition. \u00a1No te la pierdas!<\/p>\n","protected":false},"featured_media":12364,"comment_status":"open","ping_status":"open","template":"","meta":[],"product_brand":[],"product_cat":[102,100],"product_tag":[78],"class_list":{"0":"post-12357","1":"product","2":"type-product","3":"status-publish","4":"has-post-thumbnail","6":"product_cat-jersey-los-angeles-lakers","7":"product_cat-los-angeles-lakers","8":"product_tag-jersey","9":"pa_size-2xl","10":"pa_size-3xl","11":"pa_size-l","12":"pa_size-m","13":"pa_size-s","14":"pa_size-xl","16":"first","17":"instock","18":"sale","19":"purchasable","20":"product-type-variable"},"yoast_head":"<!-- This site is optimized with the Yoast SEO Premium plugin v25.3 (Yoast SEO v27.3) - https:\/\/yoast.com\/product\/yoast-seo-premium-wordpress\/ -->\n<title>Delicioso Hermoso Fant\u00e1stico LeBron James Los Angeles Lakers Nike Swingman Player Jersey Gold Icon Edition para la gran final<\/title>\n<meta name=\"description\" content=\"Obt\u00e9n la camiseta de alta calidad para tus momentos deportivos. Estupendo Maravilloso Cl\u00e1sico LeBron James Los Angeles Lakers Nike Swingman Player Jersey Gold Icon Edition. \u00a1No te la pierdas!\" \/>\n<meta name=\"robots\" content=\"index, follow, max-snippet:-1, max-image-preview:large, max-video-preview:-1\" \/>\n<link rel=\"canonical\" href=\"https:\/\/www.varioussports.com\/?product=delicioso-hermoso-fantastico-lebron-james-los-angeles-lakers-nike-swingman-player-jersey-gold-icon-edition-para-la-gran-final\" \/>\n<meta property=\"og:locale\" content=\"es_ES\" \/>\n<meta property=\"og:type\" content=\"article\" \/>\n<meta property=\"og:title\" content=\"Delicioso Hermoso Fant\u00e1stico LeBron James Los Angeles Lakers Nike Swingman Player Jersey Gold Icon Edition para la gran final\" \/>\n<meta property=\"og:description\" content=\"Obt\u00e9n la camiseta de alta calidad para tus momentos deportivos. Estupendo Maravilloso Cl\u00e1sico LeBron James Los Angeles Lakers Nike Swingman Player Jersey Gold Icon Edition. \u00a1No te la pierdas!\" \/>\n<meta property=\"og:url\" content=\"https:\/\/www.varioussports.com\/?product=delicioso-hermoso-fantastico-lebron-james-los-angeles-lakers-nike-swingman-player-jersey-gold-icon-edition-para-la-gran-final\" \/>\n<meta property=\"og:site_name\" content=\"camiseta barata de la NBA - Tienda online\" \/>\n<meta property=\"article:modified_time\" content=\"2025-06-20T06:53:22+00:00\" \/>\n<meta property=\"og:image\" content=\"https:\/\/www.varioussports.com\/wp-content\/uploads\/2025\/06\/Estupendo-Maravilloso-Clasico-LeBron-James-Los-Angeles-Lakers-Nike-Swingman-Player-Jersey-Gold-Icon-Edition.jpeg\" \/>\n\t<meta property=\"og:image:width\" content=\"600\" \/>\n\t<meta property=\"og:image:height\" content=\"600\" \/>\n\t<meta property=\"og:image:type\" content=\"image\/webp\" \/>\n<meta name=\"twitter:card\" content=\"summary_large_image\" \/>\n<meta name=\"twitter:title\" content=\"Estupendo Maravilloso Cl\u00e1sico LeBron James Los Angeles Lakers Nike Swingman Player Jersey Gold Icon Edition\" \/>\n<meta name=\"twitter:description\" content=\"Obt\u00e9n la camiseta de alta calidad para tus momentos deportivos. Estupendo Maravilloso Cl\u00e1sico LeBron James Los Angeles Lakers Nike Swingman Player Jersey Gold Icon Edition. \u00a1No te la pierdas!\" \/>\n<script type=\"application\/ld+json\" class=\"yoast-schema-graph\">{\"@context\":\"https:\\\/\\\/schema.org\",\"@graph\":[{\"@type\":\"WebPage\",\"@id\":\"https:\\\/\\\/www.varioussports.com\\\/?product=delicioso-hermoso-fantastico-lebron-james-los-angeles-lakers-nike-swingman-player-jersey-gold-icon-edition-para-la-gran-final\",\"url\":\"https:\\\/\\\/www.varioussports.com\\\/?product=delicioso-hermoso-fantastico-lebron-james-los-angeles-lakers-nike-swingman-player-jersey-gold-icon-edition-para-la-gran-final\",\"name\":\"Delicioso Hermoso Fant\u00e1stico LeBron James Los Angeles Lakers Nike Swingman Player Jersey Gold Icon Edition para la gran final\",\"isPartOf\":{\"@id\":\"https:\\\/\\\/www.varioussports.com\\\/#website\"},\"primaryImageOfPage\":{\"@id\":\"https:\\\/\\\/www.varioussports.com\\\/?product=delicioso-hermoso-fantastico-lebron-james-los-angeles-lakers-nike-swingman-player-jersey-gold-icon-edition-para-la-gran-final#primaryimage\"},\"image\":{\"@id\":\"https:\\\/\\\/www.varioussports.com\\\/?product=delicioso-hermoso-fantastico-lebron-james-los-angeles-lakers-nike-swingman-player-jersey-gold-icon-edition-para-la-gran-final#primaryimage\"},\"thumbnailUrl\":\"https:\\\/\\\/www.varioussports.com\\\/wp-content\\\/uploads\\\/2025\\\/06\\\/Estupendo-Maravilloso-Clasico-LeBron-James-Los-Angeles-Lakers-Nike-Swingman-Player-Jersey-Gold-Icon-Edition.jpeg\",\"datePublished\":\"2025-06-20T06:51:05+00:00\",\"dateModified\":\"2025-06-20T06:53:22+00:00\",\"description\":\"Obt\u00e9n la camiseta de alta calidad para tus momentos deportivos. Estupendo Maravilloso Cl\u00e1sico LeBron James Los Angeles Lakers Nike Swingman Player Jersey Gold Icon Edition. \u00a1No te la pierdas!\",\"breadcrumb\":{\"@id\":\"https:\\\/\\\/www.varioussports.com\\\/?product=delicioso-hermoso-fantastico-lebron-james-los-angeles-lakers-nike-swingman-player-jersey-gold-icon-edition-para-la-gran-final#breadcrumb\"},\"inLanguage\":\"es\",\"potentialAction\":[{\"@type\":\"ReadAction\",\"target\":[\"https:\\\/\\\/www.varioussports.com\\\/?product=delicioso-hermoso-fantastico-lebron-james-los-angeles-lakers-nike-swingman-player-jersey-gold-icon-edition-para-la-gran-final\"]}]},{\"@type\":\"ImageObject\",\"inLanguage\":\"es\",\"@id\":\"https:\\\/\\\/www.varioussports.com\\\/?product=delicioso-hermoso-fantastico-lebron-james-los-angeles-lakers-nike-swingman-player-jersey-gold-icon-edition-para-la-gran-final#primaryimage\",\"url\":\"https:\\\/\\\/www.varioussports.com\\\/wp-content\\\/uploads\\\/2025\\\/06\\\/Estupendo-Maravilloso-Clasico-LeBron-James-Los-Angeles-Lakers-Nike-Swingman-Player-Jersey-Gold-Icon-Edition.jpeg\",\"contentUrl\":\"https:\\\/\\\/www.varioussports.com\\\/wp-content\\\/uploads\\\/2025\\\/06\\\/Estupendo-Maravilloso-Clasico-LeBron-James-Los-Angeles-Lakers-Nike-Swingman-Player-Jersey-Gold-Icon-Edition.jpeg\",\"width\":600,\"height\":600,\"caption\":\"Delicioso Hermoso Fant\u00e1stico LeBron James Los Angeles Lakers Nike Swingman Player Jersey Gold Icon Edition para la gran final\"},{\"@type\":\"BreadcrumbList\",\"@id\":\"https:\\\/\\\/www.varioussports.com\\\/?product=delicioso-hermoso-fantastico-lebron-james-los-angeles-lakers-nike-swingman-player-jersey-gold-icon-edition-para-la-gran-final#breadcrumb\",\"itemListElement\":[{\"@type\":\"ListItem\",\"position\":1,\"name\":\"home\",\"item\":\"https:\\\/\\\/www.varioussports.com\\\/\"},{\"@type\":\"ListItem\",\"position\":2,\"name\":\"Shop\",\"item\":\"https:\\\/\\\/www.varioussports.com\\\/?page_id=10\"},{\"@type\":\"ListItem\",\"position\":3,\"name\":\"Delicioso Hermoso Fant\u00e1stico LeBron James Los Angeles Lakers Nike Swingman Player Jersey Gold Icon Edition para la gran final\"}]},{\"@type\":\"WebSite\",\"@id\":\"https:\\\/\\\/www.varioussports.com\\\/#website\",\"url\":\"https:\\\/\\\/www.varioussports.com\\\/\",\"name\":\"Cheap jersey - Online Shop\",\"description\":\"camiseta barata de la NBA\",\"potentialAction\":[{\"@type\":\"SearchAction\",\"target\":{\"@type\":\"EntryPoint\",\"urlTemplate\":\"https:\\\/\\\/www.varioussports.com\\\/?s={search_term_string}\"},\"query-input\":{\"@type\":\"PropertyValueSpecification\",\"valueRequired\":true,\"valueName\":\"search_term_string\"}}],\"inLanguage\":\"es\"}]}<\/script>\n<!-- \/ Yoast SEO Premium plugin. -->","yoast_head_json":{"title":"Delicioso Hermoso Fant\u00e1stico LeBron James Los Angeles Lakers Nike Swingman Player Jersey Gold Icon Edition para la gran final","description":"Obt\u00e9n la camiseta de alta calidad para tus momentos deportivos. Estupendo Maravilloso Cl\u00e1sico LeBron James Los Angeles Lakers Nike Swingman Player Jersey Gold Icon Edition. \u00a1No te la pierdas!","robots":{"index":"index","follow":"follow","max-snippet":"max-snippet:-1","max-image-preview":"max-image-preview:large","max-video-preview":"max-video-preview:-1"},"canonical":"https:\/\/www.varioussports.com\/?product=delicioso-hermoso-fantastico-lebron-james-los-angeles-lakers-nike-swingman-player-jersey-gold-icon-edition-para-la-gran-final","og_locale":"es_ES","og_type":"article","og_title":"Delicioso Hermoso Fant\u00e1stico LeBron James Los Angeles Lakers Nike Swingman Player Jersey Gold Icon Edition para la gran final","og_description":"Obt\u00e9n la camiseta de alta calidad para tus momentos deportivos. Estupendo Maravilloso Cl\u00e1sico LeBron James Los Angeles Lakers Nike Swingman Player Jersey Gold Icon Edition. \u00a1No te la pierdas!","og_url":"https:\/\/www.varioussports.com\/?product=delicioso-hermoso-fantastico-lebron-james-los-angeles-lakers-nike-swingman-player-jersey-gold-icon-edition-para-la-gran-final","og_site_name":"camiseta barata de la NBA - Tienda online","article_modified_time":"2025-06-20T06:53:22+00:00","og_image":[{"width":600,"height":600,"url":"https:\/\/www.varioussports.com\/wp-content\/uploads\/2025\/06\/Estupendo-Maravilloso-Clasico-LeBron-James-Los-Angeles-Lakers-Nike-Swingman-Player-Jersey-Gold-Icon-Edition.jpeg","type":"image\/webp"}],"twitter_card":"summary_large_image","twitter_title":"Estupendo Maravilloso Cl\u00e1sico LeBron James Los Angeles Lakers Nike Swingman Player Jersey Gold Icon Edition","twitter_description":"Obt\u00e9n la camiseta de alta calidad para tus momentos deportivos. Estupendo Maravilloso Cl\u00e1sico LeBron James Los Angeles Lakers Nike Swingman Player Jersey Gold Icon Edition. \u00a1No te la pierdas!","schema":{"@context":"https:\/\/schema.org","@graph":[{"@type":"WebPage","@id":"https:\/\/www.varioussports.com\/?product=delicioso-hermoso-fantastico-lebron-james-los-angeles-lakers-nike-swingman-player-jersey-gold-icon-edition-para-la-gran-final","url":"https:\/\/www.varioussports.com\/?product=delicioso-hermoso-fantastico-lebron-james-los-angeles-lakers-nike-swingman-player-jersey-gold-icon-edition-para-la-gran-final","name":"Delicioso Hermoso Fant\u00e1stico LeBron James Los Angeles Lakers Nike Swingman Player Jersey Gold Icon Edition para la gran final","isPartOf":{"@id":"https:\/\/www.varioussports.com\/#website"},"primaryImageOfPage":{"@id":"https:\/\/www.varioussports.com\/?product=delicioso-hermoso-fantastico-lebron-james-los-angeles-lakers-nike-swingman-player-jersey-gold-icon-edition-para-la-gran-final#primaryimage"},"image":{"@id":"https:\/\/www.varioussports.com\/?product=delicioso-hermoso-fantastico-lebron-james-los-angeles-lakers-nike-swingman-player-jersey-gold-icon-edition-para-la-gran-final#primaryimage"},"thumbnailUrl":"https:\/\/www.varioussports.com\/wp-content\/uploads\/2025\/06\/Estupendo-Maravilloso-Clasico-LeBron-James-Los-Angeles-Lakers-Nike-Swingman-Player-Jersey-Gold-Icon-Edition.jpeg","datePublished":"2025-06-20T06:51:05+00:00","dateModified":"2025-06-20T06:53:22+00:00","description":"Obt\u00e9n la camiseta de alta calidad para tus momentos deportivos. Estupendo Maravilloso Cl\u00e1sico LeBron James Los Angeles Lakers Nike Swingman Player Jersey Gold Icon Edition. \u00a1No te la pierdas!","breadcrumb":{"@id":"https:\/\/www.varioussports.com\/?product=delicioso-hermoso-fantastico-lebron-james-los-angeles-lakers-nike-swingman-player-jersey-gold-icon-edition-para-la-gran-final#breadcrumb"},"inLanguage":"es","potentialAction":[{"@type":"ReadAction","target":["https:\/\/www.varioussports.com\/?product=delicioso-hermoso-fantastico-lebron-james-los-angeles-lakers-nike-swingman-player-jersey-gold-icon-edition-para-la-gran-final"]}]},{"@type":"ImageObject","inLanguage":"es","@id":"https:\/\/www.varioussports.com\/?product=delicioso-hermoso-fantastico-lebron-james-los-angeles-lakers-nike-swingman-player-jersey-gold-icon-edition-para-la-gran-final#primaryimage","url":"https:\/\/www.varioussports.com\/wp-content\/uploads\/2025\/06\/Estupendo-Maravilloso-Clasico-LeBron-James-Los-Angeles-Lakers-Nike-Swingman-Player-Jersey-Gold-Icon-Edition.jpeg","contentUrl":"https:\/\/www.varioussports.com\/wp-content\/uploads\/2025\/06\/Estupendo-Maravilloso-Clasico-LeBron-James-Los-Angeles-Lakers-Nike-Swingman-Player-Jersey-Gold-Icon-Edition.jpeg","width":600,"height":600,"caption":"Delicioso Hermoso Fant\u00e1stico LeBron James Los Angeles Lakers Nike Swingman Player Jersey Gold Icon Edition para la gran final"},{"@type":"BreadcrumbList","@id":"https:\/\/www.varioussports.com\/?product=delicioso-hermoso-fantastico-lebron-james-los-angeles-lakers-nike-swingman-player-jersey-gold-icon-edition-para-la-gran-final#breadcrumb","itemListElement":[{"@type":"ListItem","position":1,"name":"home","item":"https:\/\/www.varioussports.com\/"},{"@type":"ListItem","position":2,"name":"Shop","item":"https:\/\/www.varioussports.com\/?page_id=10"},{"@type":"ListItem","position":3,"name":"Delicioso Hermoso Fant\u00e1stico LeBron James Los Angeles Lakers Nike Swingman Player Jersey Gold Icon Edition para la gran final"}]},{"@type":"WebSite","@id":"https:\/\/www.varioussports.com\/#website","url":"https:\/\/www.varioussports.com\/","name":"Cheap jersey - Online Shop","description":"camiseta barata de la NBA","potentialAction":[{"@type":"SearchAction","target":{"@type":"EntryPoint","urlTemplate":"https:\/\/www.varioussports.com\/?s={search_term_string}"},"query-input":{"@type":"PropertyValueSpecification","valueRequired":true,"valueName":"search_term_string"}}],"inLanguage":"es"}]}},"_links":{"self":[{"href":"https:\/\/www.varioussports.com\/index.php?rest_route=\/wp\/v2\/product\/12357","targetHints":{"allow":["GET"]}}],"collection":[{"href":"https:\/\/www.varioussports.com\/index.php?rest_route=\/wp\/v2\/product"}],"about":[{"href":"https:\/\/www.varioussports.com\/index.php?rest_route=\/wp\/v2\/types\/product"}],"replies":[{"embeddable":true,"href":"https:\/\/www.varioussports.com\/index.php?rest_route=%2Fwp%2Fv2%2Fcomments&post=12357"}],"wp:featuredmedia":[{"embeddable":true,"href":"https:\/\/www.varioussports.com\/index.php?rest_route=\/wp\/v2\/media\/12364"}],"wp:attachment":[{"href":"https:\/\/www.varioussports.com\/index.php?rest_route=%2Fwp%2Fv2%2Fmedia&parent=12357"}],"wp:term":[{"taxonomy":"product_brand","embeddable":true,"href":"https:\/\/www.varioussports.com\/index.php?rest_route=%2Fwp%2Fv2%2Fproduct_brand&post=12357"},{"taxonomy":"product_cat","embeddable":true,"href":"https:\/\/www.varioussports.com\/index.php?rest_route=%2Fwp%2Fv2%2Fproduct_cat&post=12357"},{"taxonomy":"product_tag","embeddable":true,"href":"https:\/\/www.varioussports.com\/index.php?rest_route=%2Fwp%2Fv2%2Fproduct_tag&post=12357"}],"curies":[{"name":"wp","href":"https:\/\/api.w.org\/{rel}","templated":true}]}}